{"id":10,"date":"2015-02-06T13:10:22","date_gmt":"2015-02-06T13:10:22","guid":{"rendered":"http:\/\/karhu.cedunet.fi\/lyseoseniorit\/?page_id=10"},"modified":"2015-04-21T16:11:49","modified_gmt":"2015-04-21T13:11:49","slug":"julkaisut","status":"publish","type":"page","link":"https:\/\/www.cedunet.fi\/lyseoseniorit\/?page_id=10","title":{"rendered":"Julkaisut"},"content":{"rendered":"<h3><strong>Uusin Kollega;\u00a0<\/strong><strong>Porin Lyseon 130-vuotisjuhlajulkaisu<\/strong><\/h3>\n<p><a href=\"http:\/\/karhu.cedunet.fi\/lyseoseniorit\/wp-content\/uploads\/2015\/02\/Kollega130.jpg\"><img loading=\"lazy\" decoding=\"async\" class=\"alignnone  wp-image-308\" src=\"http:\/\/karhu.cedunet.fi\/lyseoseniorit\/wp-content\/uploads\/2015\/02\/Kollega130-228x300.jpg\" alt=\"Kollega130\" width=\"307\" height=\"404\" srcset=\"https:\/\/www.cedunet.fi\/lyseoseniorit\/wp-content\/uploads\/2015\/02\/Kollega130-228x300.jpg 228w, https:\/\/www.cedunet.fi\/lyseoseniorit\/wp-content\/uploads\/2015\/02\/Kollega130.jpg 640w\" sizes=\"auto, (max-width: 307px) 100vw, 307px\" \/><\/a><\/p>\n<p><strong>Yli sata kirjoittajaa <\/strong><\/p>\n<p>Nykykoululaisista aina \u2019varttuneempiin tieteenharjoittajiin\u2019. P\u00e4\u00e4toimittajana Jaakko Lepp\u00e4nen.<\/p>\n<p><strong>184 sivua t\u00e4ytt\u00e4 asiaa <\/strong><\/p>\n<p>Tulevaisuuden haaveista, opiskelu-mahdollisuuksista, uranvalintakoke-muksista, p\u00e4iv\u00e4npolttavista tieteen ja yhteiskuntael\u00e4m\u00e4n asioista, Lyseon historiasta ja nykyp\u00e4iv\u00e4st\u00e4, seniorien toiminnasta\u2026<\/p>\n<p><strong>Mielenkiintoisia aiheita laajalta alueelta <\/strong><\/p>\n<p>Adolf Malin, seniorigolf, Risto Rytin yo-aineen analyysi, uusi lukutaito, Lyseon ullakon aarteet, oppimisen vaikeudet, akateeminen yritt\u00e4jyys, lottovoittajien ty\u00f6llistyminen, energiavallankumous, aivotautien harmaa eminenssi, ministeri valheenpaljastuskokeessa, biopankit, muuttuvat kuntarakenteet, Kollegan tehomyynti\u00e4 1960-luvulla, ydinj\u00e4tteen loppusijoitus, presidentin patsas, Risto Hannulan j\u00e4lkeenj\u00e4\u00e4neet paperit \u2026\u00a0\u00a0\u00a0 Ja paljon muuta.<\/p>\n<h3>125-vuotisjuhlakollega on my\u00f6s saatavilla<\/h3>\n<p><b>Yhdistyksemme on julkaissut Porin Lyseo 125-vuotta \u2013Juhla-Kollegan. 144-sivuinen, A4-kokoinen albumi ilmestyi painosta hein\u00e4kuussa 2004. Painosm\u00e4\u00e4r\u00e4 on vain 1100 kpl.<br \/>\n<\/b><\/p>\n<p><b>Juhlajulkaisun p\u00e4\u00e4toimittaja on elokuvaneuvos Kari Uusitalo ja toimitusneuvoston puheenjohtaja DI Tapani Vainio-Mattila.<\/b><\/p>\n<p><img loading=\"lazy\" decoding=\"async\" class=\"alignnone size-full wp-image-74\" src=\"http:\/\/karhu.cedunet.fi\/lyseoseniorit\/wp-content\/uploads\/2015\/02\/kollega.jpg\" alt=\"kollega\" width=\"170\" height=\"240\" \/><\/p>\n<p><strong>Tilaa \u00a0Kollegat \u00a0maksamalla 25 euroa\/ kollega Porin Lyseon Seniorit ry:n tilille 570081-487508 L\u00e4nsi-Suomen Osuuspankkiin. Kirjoita nimesi ja osoitteesi huolella jotta tilauksesi l\u00f6yt\u00e4\u00e4 perille. sek\u00e4 se, tilaatko jomman kumman vai molemmat julkaisut. <\/strong><\/p>\n<p><strong>Kollega tulee postissa<\/strong><\/p>\n<h3>Grafiikka<\/h3>\n<p><strong>Toukokuussa 2009 toteutuneen patsashankkeen kustannusten peitt\u00e4miseksi taiteilija Sofia Saari loi Risto Rytin ylioppilaskuvasta piirroksen, josta otettiin vedoksia (25 x 35 cm). Grafiikanlehti\u00e4 vedostettiin kaksi 125 kappaleen sarjaa, toinen yhdell\u00e4 toinen kahdella laatalla. Vedokset ovat taiteilijan signeeraamia ja numeroituja. Vedoksia on viel\u00e4 myym\u00e4tt\u00e4.<\/strong><\/p>\n<p><strong>Jos haluat tukea Lyseon senioritoimintaa, saat postitse (ilman p&amp;p-kuluja) vastineeksi taide-esineen. Yhden vedoksen hinta on 100 \u20ac. Kysy lis\u00e4\u00e4 Pertti Ratsulalta (pertti.ratsula ( at ) ratsula.fi) , \u00a0puh. 0500 222\u00a0056.<\/strong><\/p>\n<p><strong>Alla oleva\u00a0kuva esitt\u00e4\u00e4 kahdella laatalla painettua grafiikanlehte\u00e4<\/strong><\/p>\n<p><a href=\"http:\/\/karhu.cedunet.fi\/lyseoseniorit\/wp-content\/uploads\/2015\/02\/Ryti_grafiikka.jpg\"><img loading=\"lazy\" decoding=\"async\" class=\"alignnone size-medium wp-image-309\" src=\"http:\/\/karhu.cedunet.fi\/lyseoseniorit\/wp-content\/uploads\/2015\/02\/Ryti_grafiikka-225x300.jpg\" alt=\"Ryti_grafiikka\" width=\"225\" height=\"300\" srcset=\"https:\/\/www.cedunet.fi\/lyseoseniorit\/wp-content\/uploads\/2015\/02\/Ryti_grafiikka-225x300.jpg 225w, https:\/\/www.cedunet.fi\/lyseoseniorit\/wp-content\/uploads\/2015\/02\/Ryti_grafiikka-768x1024.jpg 768w, https:\/\/www.cedunet.fi\/lyseoseniorit\/wp-content\/uploads\/2015\/02\/Ryti_grafiikka.jpg 1920w\" sizes=\"auto, (max-width: 225px) 100vw, 225px\" \/><\/a><\/p>\n<p>&nbsp;<\/p>\n<p>&nbsp;<\/p>\n<p>&nbsp;<\/p>\n<p>&nbsp;<\/p>\n","protected":false},"excerpt":{"rendered":"<p>Uusin Kollega;\u00a0Porin Lyseon 130-vuotisjuhlajulkaisu Yli sata kirjoittajaa Nykykoululaisista aina \u2019varttuneempiin tieteenharjoittajiin\u2019. P\u00e4\u00e4toimittajana Jaakko Lepp\u00e4nen. 184 sivua t\u00e4ytt\u00e4 asiaa Tulevaisuuden haaveista, opiskelu-mahdollisuuksista, uranvalintakoke-muksista, p\u00e4iv\u00e4npolttavista tieteen ja yhteiskuntael\u00e4m\u00e4n asioista, Lyseon historiasta ja nykyp\u00e4iv\u00e4st\u00e4, seniorien toiminnasta\u2026 Mielenkiintoisia aiheita laajalta alueelta Adolf Malin, seniorigolf, Risto Rytin yo-aineen analyysi, uusi lukutaito, Lyseon ullakon aarteet, oppimisen vaikeudet, akateeminen yritt\u00e4jyys, lottovoittajien ty\u00f6llistyminen, &hellip; <a href=\"https:\/\/www.cedunet.fi\/lyseoseniorit\/?page_id=10\" class=\"more-link\">Jatka lukemista <span class=\"screen-reader-text\">Julkaisut<\/span> <span class=\"meta-nav\">&rarr;<\/span><\/a><\/p>\n","protected":false},"author":3,"featured_media":0,"parent":0,"menu_order":0,"comment_status":"closed","ping_status":"closed","template":"","meta":{"footnotes":""},"class_list":["post-10","page","type-page","status-publish","hentry"],"_links":{"self":[{"href":"https:\/\/www.cedunet.fi\/lyseoseniorit\/index.php?rest_route=\/wp\/v2\/pages\/10","targetHints":{"allow":["GET"]}}],"collection":[{"href":"https:\/\/www.cedunet.fi\/lyseoseniorit\/index.php?rest_route=\/wp\/v2\/pages"}],"about":[{"href":"https:\/\/www.cedunet.fi\/lyseoseniorit\/index.php?rest_route=\/wp\/v2\/types\/page"}],"author":[{"embeddable":true,"href":"https:\/\/www.cedunet.fi\/lyseoseniorit\/index.php?rest_route=\/wp\/v2\/users\/3"}],"replies":[{"embeddable":true,"href":"https:\/\/www.cedunet.fi\/lyseoseniorit\/index.php?rest_route=%2Fwp%2Fv2%2Fcomments&post=10"}],"version-history":[{"count":5,"href":"https:\/\/www.cedunet.fi\/lyseoseniorit\/index.php?rest_route=\/wp\/v2\/pages\/10\/revisions"}],"predecessor-version":[{"id":310,"href":"https:\/\/www.cedunet.fi\/lyseoseniorit\/index.php?rest_route=\/wp\/v2\/pages\/10\/revisions\/310"}],"wp:attachment":[{"href":"https:\/\/www.cedunet.fi\/lyseoseniorit\/index.php?rest_route=%2Fwp%2Fv2%2Fmedia&parent=10"}],"curies":[{"name":"wp","href":"https:\/\/api.w.org\/{rel}","templated":true}]}}