{"id":14,"date":"2015-02-06T13:10:47","date_gmt":"2015-02-06T13:10:47","guid":{"rendered":"http:\/\/karhu.cedunet.fi\/lyseoseniorit\/?page_id=14"},"modified":"2020-01-19T11:39:28","modified_gmt":"2020-01-19T09:39:28","slug":"jaseneksi","status":"publish","type":"page","link":"https:\/\/www.cedunet.fi\/lyseoseniorit\/?page_id=14","title":{"rendered":"J\u00e4seneksi"},"content":{"rendered":"<p><span style=\"color: #000080;\"><big><big><big><a href=\"http:\/\/karhu.cedunet.fi\/lyseoseniorit\/wp-content\/uploads\/2015\/02\/opettajat.jpg\"><img loading=\"lazy\" decoding=\"async\" class=\"alignnone size-medium wp-image-60\" src=\"http:\/\/karhu.cedunet.fi\/lyseoseniorit\/wp-content\/uploads\/2015\/02\/opettajat-300x159.jpg\" alt=\"opettajat\" width=\"300\" height=\"159\" srcset=\"https:\/\/www.cedunet.fi\/lyseoseniorit\/wp-content\/uploads\/2015\/02\/opettajat-300x159.jpg 300w, https:\/\/www.cedunet.fi\/lyseoseniorit\/wp-content\/uploads\/2015\/02\/opettajat.jpg 585w\" sizes=\"auto, (max-width: 300px) 100vw, 300px\" \/><\/a>\u00a0 \u00a0 \u00a0 \u00a0 \u00a0 \u00a0<a href=\"http:\/\/karhu.cedunet.fi\/lyseoseniorit\/wp-content\/uploads\/2015\/02\/Logo.gif\"><img loading=\"lazy\" decoding=\"async\" class=\"alignnone size-full wp-image-58\" src=\"http:\/\/karhu.cedunet.fi\/lyseoseniorit\/wp-content\/uploads\/2015\/02\/Logo.gif\" alt=\"Logo\" width=\"102\" height=\"166\" \/><\/a>\u00a0 \u00a0 \u00a0 \u00a0\u00a0<\/big><\/big><\/big><\/span><\/p>\n<p><big><big><big>Liity j\u00e4seneksi!<\/big><\/big><\/big><\/p>\n<p style=\"text-align: left;\"><b>Maksa 30\u00a0 euron ainaisj\u00e4senmaksu Porin Lyseon Seniorit ry:n tilille<\/b><strong>\u00a0FI96 5700 8140 0875 08<\/strong> \u00a0Porin Seudun Osuuspankkiin. Kirjoita nimesi ja <strong>s\u00e4hk\u00f6postiosoitteesi<\/strong> huolellisesti, jotta j\u00e4senposti l\u00f6yt\u00e4\u00e4 perille. Merkitse pankkisiirtoon my\u00f6s syntym\u00e4aikasi ja tiedot siit\u00e4, min\u00e4 vuonna ja mille luokalle Lyseoon tulit sek\u00e4 min\u00e4 vuonna ja milt\u00e4 luokalta koulusta l\u00e4hdit.<\/p>\n<p style=\"text-align: left;\">J\u00e4seneksi liittyminen edellytt\u00e4\u00e4 ainoastaan 30 \u20ac <b>ainaisj\u00e4senmaksun<\/b> maksamista.<\/p>\n<p style=\"text-align: left;\">Mik\u00e4li olet opiskellut tai\/ja opettanut Porin Lyseossa (keskikoulussa, yl\u00e4asteella, lukiossa), Telj\u00e4n yl\u00e4asteella ja\/tai lukiossa, edell\u00e4 mainittujen koulujen iltalinjoilla, Porin iltalukiossa tai Porin aikuislukiossa, olet tervetullut yhdistyksemme j\u00e4seneksi. Yhdistykseemme kuuluu yli 800 Porin Lyseon entist\u00e4 oppilasta ja opettajaa.<\/p>\n","protected":false},"excerpt":{"rendered":"<p>\u00a0 \u00a0 \u00a0 \u00a0 \u00a0 \u00a0\u00a0 \u00a0 \u00a0 \u00a0\u00a0 Liity j\u00e4seneksi! Maksa 30\u00a0 euron ainaisj\u00e4senmaksu Porin Lyseon Seniorit ry:n tilille\u00a0FI96 5700 8140 0875 08 \u00a0Porin Seudun Osuuspankkiin. Kirjoita nimesi ja s\u00e4hk\u00f6postiosoitteesi huolellisesti, jotta j\u00e4senposti l\u00f6yt\u00e4\u00e4 perille. Merkitse pankkisiirtoon my\u00f6s syntym\u00e4aikasi ja tiedot siit\u00e4, min\u00e4 vuonna ja mille luokalle Lyseoon tulit sek\u00e4 min\u00e4 vuonna ja milt\u00e4 &hellip; <a href=\"https:\/\/www.cedunet.fi\/lyseoseniorit\/?page_id=14\" class=\"more-link\">Jatka lukemista <span class=\"screen-reader-text\">J\u00e4seneksi<\/span> <span class=\"meta-nav\">&rarr;<\/span><\/a><\/p>\n","protected":false},"author":3,"featured_media":0,"parent":0,"menu_order":0,"comment_status":"closed","ping_status":"closed","template":"","meta":{"footnotes":""},"class_list":["post-14","page","type-page","status-publish","hentry"],"_links":{"self":[{"href":"https:\/\/www.cedunet.fi\/lyseoseniorit\/index.php?rest_route=\/wp\/v2\/pages\/14","targetHints":{"allow":["GET"]}}],"collection":[{"href":"https:\/\/www.cedunet.fi\/lyseoseniorit\/index.php?rest_route=\/wp\/v2\/pages"}],"about":[{"href":"https:\/\/www.cedunet.fi\/lyseoseniorit\/index.php?rest_route=\/wp\/v2\/types\/page"}],"author":[{"embeddable":true,"href":"https:\/\/www.cedunet.fi\/lyseoseniorit\/index.php?rest_route=\/wp\/v2\/users\/3"}],"replies":[{"embeddable":true,"href":"https:\/\/www.cedunet.fi\/lyseoseniorit\/index.php?rest_route=%2Fwp%2Fv2%2Fcomments&post=14"}],"version-history":[{"count":9,"href":"https:\/\/www.cedunet.fi\/lyseoseniorit\/index.php?rest_route=\/wp\/v2\/pages\/14\/revisions"}],"predecessor-version":[{"id":622,"href":"https:\/\/www.cedunet.fi\/lyseoseniorit\/index.php?rest_route=\/wp\/v2\/pages\/14\/revisions\/622"}],"wp:attachment":[{"href":"https:\/\/www.cedunet.fi\/lyseoseniorit\/index.php?rest_route=%2Fwp%2Fv2%2Fmedia&parent=14"}],"curies":[{"name":"wp","href":"https:\/\/api.w.org\/{rel}","templated":true}]}}