{"id":30,"date":"2015-02-06T13:18:56","date_gmt":"2015-02-06T13:18:56","guid":{"rendered":"http:\/\/karhu.cedunet.fi\/lyseoseniorit\/?page_id=30"},"modified":"2015-04-22T16:24:06","modified_gmt":"2015-04-22T13:24:06","slug":"risto-ryti","status":"publish","type":"page","link":"https:\/\/www.cedunet.fi\/lyseoseniorit\/?page_id=30","title":{"rendered":"Risto Ryti"},"content":{"rendered":"<p>RISTO RYTI (1889-1956), Suomen tasavallan viides presidentti, oli asianajaja ja Suomen Pankin pitk\u00e4aikainen (1923-1945) p\u00e4\u00e4johtaja. Yhteiskuntael\u00e4m\u00e4ss\u00e4 h\u00e4n toimi kansanedustajana ja valtiovarainministerin\u00e4. Sotavuosina h\u00e4n oli yksi t\u00e4rkeimmist\u00e4 vastuunkantajista, p\u00e4\u00e4ministeri 1939-1940 ja presidentti 1940-1944, ja h\u00e4net tuomittiin sotasyyllisyysoikeudenk\u00e4ynniss\u00e4 takautuvan lains\u00e4\u00e4d\u00e4nn\u00f6n perusteella.<\/p>\n<div class=\"pad\">\n<p>Pori oli Risto Rytin koulukaupunki. H\u00e4n aloitti Porin lyseon syksyll\u00e4 suoraan toiselta luokalta 1899 ja valmistui ylioppilaaksi 17-vuotiaana kev\u00e4\u00e4ll\u00e4 1906.<\/p>\n<p>Porin Lyseon Seniorit Ry:n ponnistuksen tuloksena Risto Ryti-aukiolla paljastettiin 14.5. 2009 kuvanveist\u00e4j\u00e4 Sofia Saaren rintakuvaveistos Risto Rytist\u00e4.<\/p>\n<p>Porin Lyseon Seniorit ry laski 3.2.2011 muistokukat Risto Rytin muistomerkille ja p\u00e4\u00e4tti ottaa t\u00e4llaisen syntym\u00e4p\u00e4iv\u00e4m\u00e4\u00e4r\u00e4n muistamisen tavaksi.<\/p>\n<p><a href=\"http:\/\/www.cedunet.fi\/seniorit\/Patsasjuhla\/Ryti-muistomerkin%20paljastus%2014.5.2009\/index.html\" target=\"_blank\">Katso kuvia patsaan paljastamistilaisuudesta<\/a><\/p>\n<p>&nbsp;<\/p>\n<\/div>\n<p>&nbsp;<\/p>\n<p>&nbsp;<\/p>\n","protected":false},"excerpt":{"rendered":"<p>RISTO RYTI (1889-1956), Suomen tasavallan viides presidentti, oli asianajaja ja Suomen Pankin pitk\u00e4aikainen (1923-1945) p\u00e4\u00e4johtaja. Yhteiskuntael\u00e4m\u00e4ss\u00e4 h\u00e4n toimi kansanedustajana ja valtiovarainministerin\u00e4. Sotavuosina h\u00e4n oli yksi t\u00e4rkeimmist\u00e4 vastuunkantajista, p\u00e4\u00e4ministeri 1939-1940 ja presidentti 1940-1944, ja h\u00e4net tuomittiin sotasyyllisyysoikeudenk\u00e4ynniss\u00e4 takautuvan lains\u00e4\u00e4d\u00e4nn\u00f6n perusteella. Pori oli Risto Rytin koulukaupunki. H\u00e4n aloitti Porin lyseon syksyll\u00e4 suoraan toiselta luokalta 1899 ja valmistui &hellip; <a href=\"https:\/\/www.cedunet.fi\/lyseoseniorit\/?page_id=30\" class=\"more-link\">Jatka lukemista <span class=\"screen-reader-text\">Risto Ryti<\/span> <span class=\"meta-nav\">&rarr;<\/span><\/a><\/p>\n","protected":false},"author":3,"featured_media":0,"parent":0,"menu_order":0,"comment_status":"closed","ping_status":"closed","template":"","meta":{"footnotes":""},"class_list":["post-30","page","type-page","status-publish","hentry"],"_links":{"self":[{"href":"https:\/\/www.cedunet.fi\/lyseoseniorit\/index.php?rest_route=\/wp\/v2\/pages\/30","targetHints":{"allow":["GET"]}}],"collection":[{"href":"https:\/\/www.cedunet.fi\/lyseoseniorit\/index.php?rest_route=\/wp\/v2\/pages"}],"about":[{"href":"https:\/\/www.cedunet.fi\/lyseoseniorit\/index.php?rest_route=\/wp\/v2\/types\/page"}],"author":[{"embeddable":true,"href":"https:\/\/www.cedunet.fi\/lyseoseniorit\/index.php?rest_route=\/wp\/v2\/users\/3"}],"replies":[{"embeddable":true,"href":"https:\/\/www.cedunet.fi\/lyseoseniorit\/index.php?rest_route=%2Fwp%2Fv2%2Fcomments&post=30"}],"version-history":[{"count":6,"href":"https:\/\/www.cedunet.fi\/lyseoseniorit\/index.php?rest_route=\/wp\/v2\/pages\/30\/revisions"}],"predecessor-version":[{"id":315,"href":"https:\/\/www.cedunet.fi\/lyseoseniorit\/index.php?rest_route=\/wp\/v2\/pages\/30\/revisions\/315"}],"wp:attachment":[{"href":"https:\/\/www.cedunet.fi\/lyseoseniorit\/index.php?rest_route=%2Fwp%2Fv2%2Fmedia&parent=30"}],"curies":[{"name":"wp","href":"https:\/\/api.w.org\/{rel}","templated":true}]}}