{"id":319,"date":"2015-04-22T16:40:58","date_gmt":"2015-04-22T13:40:58","guid":{"rendered":"http:\/\/karhu.cedunet.fi\/lyseoseniorit\/?page_id=319"},"modified":"2015-04-22T17:11:54","modified_gmt":"2015-04-22T14:11:54","slug":"ota-yhteytta-kysy","status":"publish","type":"page","link":"https:\/\/www.cedunet.fi\/lyseoseniorit\/?page_id=319","title":{"rendered":"ota yhteytt\u00e4, kysy!"},"content":{"rendered":"<p><a href=\"http:\/\/karhu.cedunet.fi\/lyseoseniorit\/wp-content\/uploads\/2015\/02\/Logo.gif\"><img loading=\"lazy\" decoding=\"async\" class=\"alignnone size-full wp-image-58\" src=\"http:\/\/karhu.cedunet.fi\/lyseoseniorit\/wp-content\/uploads\/2015\/02\/Logo.gif\" alt=\"Logo\" width=\"102\" height=\"166\" \/><\/a><\/p>\n<p>Hei, voit ottaa suoraan yhteytt\u00e4 hallituksen j\u00e4seniin \u00a0tai l\u00e4hett\u00e4\u00e4 s\u00e4hk\u00f6postia osoitteeseen<\/p>\n<p>lyseo.seniorit (at) edupori.fi<\/p>\n","protected":false},"excerpt":{"rendered":"<p>Hei, voit ottaa suoraan yhteytt\u00e4 hallituksen j\u00e4seniin \u00a0tai l\u00e4hett\u00e4\u00e4 s\u00e4hk\u00f6postia osoitteeseen lyseo.seniorit (at) edupori.fi<\/p>\n","protected":false},"author":3,"featured_media":0,"parent":0,"menu_order":0,"comment_status":"closed","ping_status":"closed","template":"","meta":{"footnotes":""},"class_list":["post-319","page","type-page","status-publish","hentry"],"_links":{"self":[{"href":"https:\/\/www.cedunet.fi\/lyseoseniorit\/index.php?rest_route=\/wp\/v2\/pages\/319","targetHints":{"allow":["GET"]}}],"collection":[{"href":"https:\/\/www.cedunet.fi\/lyseoseniorit\/index.php?rest_route=\/wp\/v2\/pages"}],"about":[{"href":"https:\/\/www.cedunet.fi\/lyseoseniorit\/index.php?rest_route=\/wp\/v2\/types\/page"}],"author":[{"embeddable":true,"href":"https:\/\/www.cedunet.fi\/lyseoseniorit\/index.php?rest_route=\/wp\/v2\/users\/3"}],"replies":[{"embeddable":true,"href":"https:\/\/www.cedunet.fi\/lyseoseniorit\/index.php?rest_route=%2Fwp%2Fv2%2Fcomments&post=319"}],"version-history":[{"count":2,"href":"https:\/\/www.cedunet.fi\/lyseoseniorit\/index.php?rest_route=\/wp\/v2\/pages\/319\/revisions"}],"predecessor-version":[{"id":325,"href":"https:\/\/www.cedunet.fi\/lyseoseniorit\/index.php?rest_route=\/wp\/v2\/pages\/319\/revisions\/325"}],"wp:attachment":[{"href":"https:\/\/www.cedunet.fi\/lyseoseniorit\/index.php?rest_route=%2Fwp%2Fv2%2Fmedia&parent=319"}],"curies":[{"name":"wp","href":"https:\/\/api.w.org\/{rel}","templated":true}]}}