{"id":63,"date":"2015-02-06T15:34:40","date_gmt":"2015-02-06T13:34:40","guid":{"rendered":"http:\/\/karhu.cedunet.fi\/lyseoseniorit\/?page_id=63"},"modified":"2015-06-22T08:21:24","modified_gmt":"2015-06-22T05:21:24","slug":"etusivu","status":"publish","type":"page","link":"https:\/\/www.cedunet.fi\/lyseoseniorit\/","title":{"rendered":"Porin Lyseon Seniorit ry."},"content":{"rendered":"<h1><a href=\"http:\/\/karhu.cedunet.fi\/lyseoseniorit\/wp-content\/uploads\/2015\/02\/Logo.gif\"><img loading=\"lazy\" decoding=\"async\" class=\"  wp-image-58 alignright\" src=\"http:\/\/karhu.cedunet.fi\/lyseoseniorit\/wp-content\/uploads\/2015\/02\/Logo.gif\" alt=\"Logo\" width=\"166\" height=\"270\" \/><\/a>Opin sauna, autuas aina<\/h1>\n<p>N\u00e4m\u00e4 ovat\u00a0\u00a0Porin Lyseon Seniorit ry: n kotisivut.<\/p>\n<p>Yhdistyksen tarkoitus on vaalia ja yll\u00e4pit\u00e4\u00e4 lyseolaishenke\u00e4 ja \u00a0Porin Lyseon perinteit\u00e4. Vieraillessasi n\u00e4ill\u00e4 sivuilla tulet toivottavasti entist\u00e4 vakuuttuneemmaksi sanonnasta, ett\u00e4 <strong>lyseolaisuus j\u00e4tt\u00e4\u00e4 j\u00e4ljen!<\/strong><\/p>\n<p>Kerran lyseolainen, aina lyseolainen!<\/p>\n<p>Katso t\u00e4st\u00e4 Porin Lyseon Seniorit ry:n esittelyvideo.<\/p>\n<p><a href=\"http:\/\/karhu.cedunet.fi\/lyseoseniorit\/wp-content\/uploads\/2015\/06\/Joutukaa-sielut.mpg\">Joutukaa sielut<\/a><\/p>\n<p>Hallitus<\/p>\n<p>&nbsp;<\/p>\n<h6><\/h6>\n<p>&nbsp;<\/p>\n","protected":false},"excerpt":{"rendered":"<p>Opin sauna, autuas aina N\u00e4m\u00e4 ovat\u00a0\u00a0Porin Lyseon Seniorit ry: n kotisivut. Yhdistyksen tarkoitus on vaalia ja yll\u00e4pit\u00e4\u00e4 lyseolaishenke\u00e4 ja \u00a0Porin Lyseon perinteit\u00e4. Vieraillessasi n\u00e4ill\u00e4 sivuilla tulet toivottavasti entist\u00e4 vakuuttuneemmaksi sanonnasta, ett\u00e4 lyseolaisuus j\u00e4tt\u00e4\u00e4 j\u00e4ljen! Kerran lyseolainen, aina lyseolainen! Katso t\u00e4st\u00e4 Porin Lyseon Seniorit ry:n esittelyvideo. Joutukaa sielut Hallitus &nbsp; &nbsp;<\/p>\n","protected":false},"author":3,"featured_media":0,"parent":0,"menu_order":0,"comment_status":"closed","ping_status":"closed","template":"","meta":{"footnotes":""},"class_list":["post-63","page","type-page","status-publish","hentry"],"_links":{"self":[{"href":"https:\/\/www.cedunet.fi\/lyseoseniorit\/index.php?rest_route=\/wp\/v2\/pages\/63","targetHints":{"allow":["GET"]}}],"collection":[{"href":"https:\/\/www.cedunet.fi\/lyseoseniorit\/index.php?rest_route=\/wp\/v2\/pages"}],"about":[{"href":"https:\/\/www.cedunet.fi\/lyseoseniorit\/index.php?rest_route=\/wp\/v2\/types\/page"}],"author":[{"embeddable":true,"href":"https:\/\/www.cedunet.fi\/lyseoseniorit\/index.php?rest_route=\/wp\/v2\/users\/3"}],"replies":[{"embeddable":true,"href":"https:\/\/www.cedunet.fi\/lyseoseniorit\/index.php?rest_route=%2Fwp%2Fv2%2Fcomments&post=63"}],"version-history":[{"count":16,"href":"https:\/\/www.cedunet.fi\/lyseoseniorit\/index.php?rest_route=\/wp\/v2\/pages\/63\/revisions"}],"predecessor-version":[{"id":709,"href":"https:\/\/www.cedunet.fi\/lyseoseniorit\/index.php?rest_route=\/wp\/v2\/pages\/63\/revisions\/709"}],"wp:attachment":[{"href":"https:\/\/www.cedunet.fi\/lyseoseniorit\/index.php?rest_route=%2Fwp%2Fv2%2Fmedia&parent=63"}],"curies":[{"name":"wp","href":"https:\/\/api.w.org\/{rel}","templated":true}]}}